{"id":858,"date":"2015-08-02T21:28:11","date_gmt":"2015-08-02T21:28:11","guid":{"rendered":"http:\/\/www.theputto.com\/comic\/?page_id=858"},"modified":"2015-08-02T21:31:20","modified_gmt":"2015-08-02T21:31:20","slug":"verny-svedek","status":"publish","type":"page","link":"https:\/\/www.theputto.com\/comic\/verny-svedek\/","title":{"rendered":"V\u011aRN\u00dd SV\u011aDEK"},"content":{"rendered":"<p><a href=\"http:\/\/www.theputto.com\/comic\/hlava-sv-vojtecha-vii\/\">&lt; P\u0158EDCHOZ\u00cd<\/a>\u00a0\u00a0\u00a0<a href=\"http:\/\/www.theputto.com\/comic\/verny-svedek-ii\/\">DAL\u0160\u00cd&gt;<\/a><\/p>\n<p><strong>\u00a0Klin\u011bte na obr\u00e1zek pro na\u010dten\u00ed nov\u00e9 str\u00e1nky a znovu pro jej\u00ed zv\u011bt\u0161en\u00ed.\u00a0<\/strong><\/p>\n<p><a href=\"http:\/\/www.theputto.com\/comic\/wp-content\/uploads\/2015\/02\/14-CZ-FAITHFUL-WEB.jpg\"><img decoding=\"async\" loading=\"lazy\" class=\"alignnone size-large wp-image-694\" alt=\"14 CZ FAITHFUL WEB\" src=\"http:\/\/www.theputto.com\/comic\/wp-content\/uploads\/2015\/02\/14-CZ-FAITHFUL-WEB-669x1024.jpg\" width=\"520\" height=\"795\" srcset=\"https:\/\/www.theputto.com\/comic\/wp-content\/uploads\/2015\/02\/14-CZ-FAITHFUL-WEB-669x1024.jpg 669w, https:\/\/www.theputto.com\/comic\/wp-content\/uploads\/2015\/02\/14-CZ-FAITHFUL-WEB-196x300.jpg 196w, https:\/\/www.theputto.com\/comic\/wp-content\/uploads\/2015\/02\/14-CZ-FAITHFUL-WEB.jpg 687w\" sizes=\"(max-width: 520px) 100vw, 520px\" \/><\/a><\/p>\n<!-- AddThis Advanced Settings generic via filter on the_content --><!-- AddThis Share Buttons generic via filter on the_content -->","protected":false},"excerpt":{"rendered":"<p>&lt; P\u0158EDCHOZ\u00cd\u00a0\u00a0\u00a0DAL\u0160\u00cd&gt; \u00a0Klin\u011bte na obr\u00e1zek pro na\u010dten\u00ed nov\u00e9 str\u00e1nky a znovu pro jej\u00ed zv\u011bt\u0161en\u00ed.\u00a0<!-- AddThis Advanced Settings generic via filter on get_the_excerpt --><!-- AddThis Share Buttons generic via filter on get_the_excerpt --><\/p>\n","protected":false},"author":2,"featured_media":0,"parent":0,"menu_order":0,"comment_status":"open","ping_status":"open","template":"","meta":[],"_links":{"self":[{"href":"https:\/\/www.theputto.com\/comic\/wp-json\/wp\/v2\/pages\/858"}],"collection":[{"href":"https:\/\/www.theputto.com\/comic\/wp-json\/wp\/v2\/pages"}],"about":[{"href":"https:\/\/www.theputto.com\/comic\/wp-json\/wp\/v2\/types\/page"}],"author":[{"embeddable":true,"href":"https:\/\/www.theputto.com\/comic\/wp-json\/wp\/v2\/users\/2"}],"replies":[{"embeddable":true,"href":"https:\/\/www.theputto.com\/comic\/wp-json\/wp\/v2\/comments?post=858"}],"version-history":[{"count":2,"href":"https:\/\/www.theputto.com\/comic\/wp-json\/wp\/v2\/pages\/858\/revisions"}],"predecessor-version":[{"id":862,"href":"https:\/\/www.theputto.com\/comic\/wp-json\/wp\/v2\/pages\/858\/revisions\/862"}],"wp:attachment":[{"href":"https:\/\/www.theputto.com\/comic\/wp-json\/wp\/v2\/media?parent=858"}],"curies":[{"name":"wp","href":"https:\/\/api.w.org\/{rel}","templated":true}]}}