{"id":847,"date":"2015-08-02T21:15:19","date_gmt":"2015-08-02T21:15:19","guid":{"rendered":"http:\/\/www.theputto.com\/comic\/?page_id=847"},"modified":"2015-08-02T21:15:19","modified_gmt":"2015-08-02T21:15:19","slug":"hlava-sv-vojtecha-iii","status":"publish","type":"page","link":"https:\/\/www.theputto.com\/comic\/hlava-sv-vojtecha-iii\/","title":{"rendered":"HLAVA SV. VOJT\u011aCHA III"},"content":{"rendered":"<p><a href=\"http:\/\/www.theputto.com\/comic\/hlava-sv-vojtecha-ii\/\">&lt; P\u0158EDCHOZ\u00cd<\/a>\u00a0\u00a0\u00a0<a href=\"http:\/\/www.theputto.com\/comic\/hlava-sv-vojtecha-iv\/\">DAL\u0160\u00cd&gt;<\/a><\/p>\n<p><strong>\u00a0Klin\u011bte na obr\u00e1zek pro na\u010dten\u00ed nov\u00e9 str\u00e1nky a znovu pro jej\u00ed zv\u011bt\u0161en\u00ed.\u00a0<\/strong><\/p>\n<p><a href=\"http:\/\/www.theputto.com\/comic\/wp-content\/uploads\/2015\/02\/09-CZ-ADALBERT-IN-ZIZKOV-WEB.jpg\"><img decoding=\"async\" loading=\"lazy\" class=\"alignnone size-large wp-image-689\" alt=\"09 CZ ADALBERT IN ZIZKOV WEB\" src=\"http:\/\/www.theputto.com\/comic\/wp-content\/uploads\/2015\/02\/09-CZ-ADALBERT-IN-ZIZKOV-WEB-670x1024.jpg\" width=\"520\" height=\"794\" srcset=\"https:\/\/www.theputto.com\/comic\/wp-content\/uploads\/2015\/02\/09-CZ-ADALBERT-IN-ZIZKOV-WEB-670x1024.jpg 670w, https:\/\/www.theputto.com\/comic\/wp-content\/uploads\/2015\/02\/09-CZ-ADALBERT-IN-ZIZKOV-WEB-196x300.jpg 196w, https:\/\/www.theputto.com\/comic\/wp-content\/uploads\/2015\/02\/09-CZ-ADALBERT-IN-ZIZKOV-WEB.jpg 800w\" sizes=\"(max-width: 520px) 100vw, 520px\" \/><\/a><\/p>\n<!-- AddThis Advanced Settings generic via filter on the_content --><!-- AddThis Share Buttons generic via filter on the_content -->","protected":false},"excerpt":{"rendered":"<p>&lt; P\u0158EDCHOZ\u00cd\u00a0\u00a0\u00a0DAL\u0160\u00cd&gt; \u00a0Klin\u011bte na obr\u00e1zek pro na\u010dten\u00ed nov\u00e9 str\u00e1nky a znovu pro jej\u00ed zv\u011bt\u0161en\u00ed.\u00a0<!-- AddThis Advanced Settings generic via filter on get_the_excerpt --><!-- AddThis Share Buttons generic via filter on get_the_excerpt --><\/p>\n","protected":false},"author":2,"featured_media":0,"parent":0,"menu_order":0,"comment_status":"open","ping_status":"open","template":"","meta":[],"_links":{"self":[{"href":"https:\/\/www.theputto.com\/comic\/wp-json\/wp\/v2\/pages\/847"}],"collection":[{"href":"https:\/\/www.theputto.com\/comic\/wp-json\/wp\/v2\/pages"}],"about":[{"href":"https:\/\/www.theputto.com\/comic\/wp-json\/wp\/v2\/types\/page"}],"author":[{"embeddable":true,"href":"https:\/\/www.theputto.com\/comic\/wp-json\/wp\/v2\/users\/2"}],"replies":[{"embeddable":true,"href":"https:\/\/www.theputto.com\/comic\/wp-json\/wp\/v2\/comments?post=847"}],"version-history":[{"count":1,"href":"https:\/\/www.theputto.com\/comic\/wp-json\/wp\/v2\/pages\/847\/revisions"}],"predecessor-version":[{"id":848,"href":"https:\/\/www.theputto.com\/comic\/wp-json\/wp\/v2\/pages\/847\/revisions\/848"}],"wp:attachment":[{"href":"https:\/\/www.theputto.com\/comic\/wp-json\/wp\/v2\/media?parent=847"}],"curies":[{"name":"wp","href":"https:\/\/api.w.org\/{rel}","templated":true}]}}