{"id":697,"date":"2015-02-10T14:22:00","date_gmt":"2015-02-10T14:22:00","guid":{"rendered":"http:\/\/www.theputto.com\/comic\/?page_id=697"},"modified":"2015-08-02T21:02:50","modified_gmt":"2015-08-02T21:02:50","slug":"cz-gratitude-of-my-city-1","status":"publish","type":"page","link":"https:\/\/www.theputto.com\/comic\/cz-gratitude-of-my-city-1\/","title":{"rendered":"VD\u011a\u010cNOST M\u00c9HO M\u011aSTA"},"content":{"rendered":"<p><a href=\"http:\/\/www.theputto.com\/comic\/cz-gratitude-of-my-city-2\/\">DAL\u0160\u00cd<\/a><\/p>\n<p><strong>\u00a0Klin\u011bte na obr\u00e1zek pro na\u010dten\u00ed nov\u00e9 str\u00e1nky a znovu pro jej\u00ed zv\u011bt\u0161en\u00ed.\u00a0<\/strong><\/p>\n<p><a href=\"http:\/\/www.theputto.com\/comic\/wp-content\/uploads\/2015\/02\/01-CZ-GRATITUDE-OF-MY-CITY-WEB.jpg\"><img decoding=\"async\" loading=\"lazy\" class=\"alignright size-full wp-image-681\" alt=\"01 CZ GRATITUDE OF MY CITY WEB\" src=\"http:\/\/www.theputto.com\/comic\/wp-content\/uploads\/2015\/02\/01-CZ-GRATITUDE-OF-MY-CITY-WEB.jpg\" width=\"800\" height=\"1222\" srcset=\"https:\/\/www.theputto.com\/comic\/wp-content\/uploads\/2015\/02\/01-CZ-GRATITUDE-OF-MY-CITY-WEB.jpg 800w, https:\/\/www.theputto.com\/comic\/wp-content\/uploads\/2015\/02\/01-CZ-GRATITUDE-OF-MY-CITY-WEB-196x300.jpg 196w, https:\/\/www.theputto.com\/comic\/wp-content\/uploads\/2015\/02\/01-CZ-GRATITUDE-OF-MY-CITY-WEB-670x1024.jpg 670w\" sizes=\"(max-width: 800px) 100vw, 800px\" \/><\/a><\/p>\n<p><a href=\"http:\/\/www.theputto.com\/comic\/cz-gratitude-of-my-city-2\/\">DAL\u0160\u00cd<\/a><\/p>\n<!-- AddThis Advanced Settings generic via filter on the_content --><!-- AddThis Share Buttons generic via filter on the_content -->","protected":false},"excerpt":{"rendered":"<p>DAL\u0160\u00cd \u00a0Klin\u011bte na obr\u00e1zek pro na\u010dten\u00ed nov\u00e9 str\u00e1nky a znovu pro jej\u00ed zv\u011bt\u0161en\u00ed.\u00a0 DAL\u0160\u00cd<!-- AddThis Advanced Settings generic via filter on get_the_excerpt --><!-- AddThis Share Buttons generic via filter on get_the_excerpt --><\/p>\n","protected":false},"author":2,"featured_media":0,"parent":0,"menu_order":0,"comment_status":"closed","ping_status":"closed","template":"template.php","meta":[],"_links":{"self":[{"href":"https:\/\/www.theputto.com\/comic\/wp-json\/wp\/v2\/pages\/697"}],"collection":[{"href":"https:\/\/www.theputto.com\/comic\/wp-json\/wp\/v2\/pages"}],"about":[{"href":"https:\/\/www.theputto.com\/comic\/wp-json\/wp\/v2\/types\/page"}],"author":[{"embeddable":true,"href":"https:\/\/www.theputto.com\/comic\/wp-json\/wp\/v2\/users\/2"}],"replies":[{"embeddable":true,"href":"https:\/\/www.theputto.com\/comic\/wp-json\/wp\/v2\/comments?post=697"}],"version-history":[{"count":11,"href":"https:\/\/www.theputto.com\/comic\/wp-json\/wp\/v2\/pages\/697\/revisions"}],"predecessor-version":[{"id":836,"href":"https:\/\/www.theputto.com\/comic\/wp-json\/wp\/v2\/pages\/697\/revisions\/836"}],"wp:attachment":[{"href":"https:\/\/www.theputto.com\/comic\/wp-json\/wp\/v2\/media?parent=697"}],"curies":[{"name":"wp","href":"https:\/\/api.w.org\/{rel}","templated":true}]}}