{"id":2,"date":"2010-05-03T11:37:40","date_gmt":"2010-05-03T11:37:40","guid":{"rendered":"http:\/\/www.theputto.com\/?page_id=2"},"modified":"2016-09-19T23:24:34","modified_gmt":"2016-09-19T23:24:34","slug":"about","status":"publish","type":"page","link":"https:\/\/www.theputto.com\/comic\/about\/","title":{"rendered":"About"},"content":{"rendered":"<h2><strong>Creative Team<\/strong><\/h2>\n<p>Surprisingly, Xavier\u2019s adventures are not completely based on true events but significant parts are fictional both in nature and visual portrayal.<\/p>\n<p><a href=\"http:\/\/www.theputto.com\/comic\/wp-content\/uploads\/2010\/05\/Golem_005-crop.jpg\" rel=\"attachment wp-att-1104\"><img decoding=\"async\" loading=\"lazy\" class=\"aligncenter size-large wp-image-1104\" src=\"http:\/\/www.theputto.com\/comic\/wp-content\/uploads\/2010\/05\/Golem_005-crop-1024x381.jpg\" alt=\"Golem_005 - crop\" width=\"500\" height=\"186\" srcset=\"https:\/\/www.theputto.com\/comic\/wp-content\/uploads\/2010\/05\/Golem_005-crop-1024x381.jpg 1024w, https:\/\/www.theputto.com\/comic\/wp-content\/uploads\/2010\/05\/Golem_005-crop-300x112.jpg 300w, https:\/\/www.theputto.com\/comic\/wp-content\/uploads\/2010\/05\/Golem_005-crop-768x286.jpg 768w, https:\/\/www.theputto.com\/comic\/wp-content\/uploads\/2010\/05\/Golem_005-crop.jpg 1836w\" sizes=\"(max-width: 500px) 100vw, 500px\" \/><\/a><\/p>\n<h3><strong>Writer and Creator\u00a0<\/strong><\/h3>\n<p><b><i>James Stafford<\/i><\/b><span style=\"font-weight: 400;\"> hails from what many North Americans refer to as Wales, England. He currently lives in Londinium but, as a keen Czechophile, he hopes, very shortly, to settle in The Republic. James writes for a living, either dabbling in sports journalism or ghostwriting for others. He considers \u017di\u017ekov one of Christendom&#8217;s greatest undiscovered wonders. <\/span><\/p>\n<h3><strong>Artists<\/strong><\/h3>\n<p><b><i>AJ Bernardo<\/i><\/b><span style=\"font-weight: 400;\"> rarely ventures out of his hometown in the Pacific archipelago (named after the syphilitic and incestuous 16th century Spanish King), but hopes to be able to visit Prague someday. He&#8217;s been working as a comic book artist for close to a decade now, but still struggles applying shadows on the face of infants. He&#8217;s never held a cigarette, enjoys the occasional drunken night or two, and his given name means \u2018Angel\u2019.<\/span><\/p>\n<p><b>Raluca Moldovan<\/b><span style=\"font-weight: 400;\"> loves art and synthpop and claims that drawing is her only real qualification. Raluca\u2019s early involvement with The Sorrowful Putto of Prague came after she responded to a request for an artist for the comic on a fansite of British pop gods The Cure. She lives in the seaside town of Constanta, Romania. <\/span><\/p>\n<p><b>Lenka \u0160ime\u010dkov\u00e1<\/b><span style=\"font-weight: 400;\"> is one of The Republic\u2019s rising young stars. A much in-demand artist &#8211; already boasting an impressive portfolio of work &#8211; her picturesque gothic artwork has won her a cult following. Hailing from Vimperk, Lenka studies at The University of West Bohemia. <\/span><\/p>\n<p><b>Josel Nicolas<\/b><span style=\"font-weight: 400;\"> is from Batangas City, a small port town south of Manila in the Philippines. He is a cat lover with a peculiar passion for breakfast experimentation. A full-time artist, Josel\u2019s early comic inspiration came from Batman and Judge Dredd. Away from The Putto he produces \u2018Windmills\u2019 &#8211; an ongoing autobiographical comic &#8211; and edits various comic anthologies in the Philippines aimed at children and adults.<\/span><\/p>\n<p><a href=\"http:\/\/www.theputto.com\/comic\/wp-content\/uploads\/2010\/05\/Golem_005-crop\u011b.jpg\" rel=\"attachment wp-att-1105\"><img decoding=\"async\" loading=\"lazy\" class=\"aligncenter size-large wp-image-1105\" src=\"http:\/\/www.theputto.com\/comic\/wp-content\/uploads\/2010\/05\/Golem_005-crop\u011b-1024x364.jpg\" alt=\"Golem_005 - crop\u011b\" width=\"500\" height=\"178\" srcset=\"https:\/\/www.theputto.com\/comic\/wp-content\/uploads\/2010\/05\/Golem_005-crop\u011b-1024x364.jpg 1024w, https:\/\/www.theputto.com\/comic\/wp-content\/uploads\/2010\/05\/Golem_005-crop\u011b-300x107.jpg 300w, https:\/\/www.theputto.com\/comic\/wp-content\/uploads\/2010\/05\/Golem_005-crop\u011b-768x273.jpg 768w, https:\/\/www.theputto.com\/comic\/wp-content\/uploads\/2010\/05\/Golem_005-crop\u011b.jpg 1833w\" sizes=\"(max-width: 500px) 100vw, 500px\" \/><\/a><\/p>\n<h3><strong>Tech Support<\/strong><\/h3>\n<p>Web, tech support and general multimedia agony aunt services is provided by one half of the <strong>CMSBBEEFFFTCL <\/strong>organisation. Technical work was carried out between repeated attempts to finally kill\/unmask the evil <em>Behind-The-Scenes-Ninja<\/em> who has plagued the CMS team since 1987.<\/p>\n<p><em><strong>The Sorrowful Putto\u00a0of Prague<\/strong> is copyright of James Stafford\/<strong>Sorrowful Snows Publishing<\/strong>.<\/em><\/p>\n<p>&nbsp;<\/p>\n<!-- AddThis Advanced Settings generic via filter on the_content --><!-- AddThis Share Buttons generic via filter on the_content -->","protected":false},"excerpt":{"rendered":"<p>Creative Team Surprisingly, Xavier\u2019s adventures are not completely based on true events but significant parts are fictional both in nature and visual portrayal. Writer and Creator\u00a0 James Stafford hails from what many North Americans refer to as Wales, England. He[&hellip;]<a class=\"more-link\" href=\"https:\/\/www.theputto.com\/comic\/about\/\">&darr; Read the rest of this entry&#8230;<\/a><!-- AddThis Advanced Settings generic via filter on get_the_excerpt --><!-- AddThis Share Buttons generic via filter on get_the_excerpt --><\/p>\n","protected":false},"author":2,"featured_media":0,"parent":0,"menu_order":2,"comment_status":"open","ping_status":"open","template":"","meta":[],"_links":{"self":[{"href":"https:\/\/www.theputto.com\/comic\/wp-json\/wp\/v2\/pages\/2"}],"collection":[{"href":"https:\/\/www.theputto.com\/comic\/wp-json\/wp\/v2\/pages"}],"about":[{"href":"https:\/\/www.theputto.com\/comic\/wp-json\/wp\/v2\/types\/page"}],"author":[{"embeddable":true,"href":"https:\/\/www.theputto.com\/comic\/wp-json\/wp\/v2\/users\/2"}],"replies":[{"embeddable":true,"href":"https:\/\/www.theputto.com\/comic\/wp-json\/wp\/v2\/comments?post=2"}],"version-history":[{"count":51,"href":"https:\/\/www.theputto.com\/comic\/wp-json\/wp\/v2\/pages\/2\/revisions"}],"predecessor-version":[{"id":1108,"href":"https:\/\/www.theputto.com\/comic\/wp-json\/wp\/v2\/pages\/2\/revisions\/1108"}],"wp:attachment":[{"href":"https:\/\/www.theputto.com\/comic\/wp-json\/wp\/v2\/media?parent=2"}],"curies":[{"name":"wp","href":"https:\/\/api.w.org\/{rel}","templated":true}]}}