{"id":1094,"date":"2016-09-19T10:13:06","date_gmt":"2016-09-19T10:13:06","guid":{"rendered":"http:\/\/www.theputto.com\/comic\/?page_id=1094"},"modified":"2017-05-08T13:27:08","modified_gmt":"2017-05-08T13:27:08","slug":"media","status":"publish","type":"page","link":"https:\/\/www.theputto.com\/comic\/media\/","title":{"rendered":"Praise"},"content":{"rendered":"<p style=\"text-align: center;\"><a href=\"https:\/\/twitter.com\/SamuelLJackson\/status\/851461682702450688\"><strong>\u201cJust read the DOPE ASS \u201cThe Sorrowful Putto of Prague\u201d\u2026check it out\u2026you\u2019re in for a treat!\u201d<\/strong><\/a><\/p>\n<p style=\"text-align: center;\"><a href=\"https:\/\/twitter.com\/SamuelLJackson\/status\/851461682702450688\">Samuel L. Jackson<\/a><\/p>\n<p style=\"text-align: center;\"><strong>&#8220;&#8230;[an] atmospheric webcomic steeped in Czech history and folklore&#8230;&#8221;<\/strong><\/p>\n<p style=\"text-align: center;\"><a href=\"https:\/\/www.theguardian.com\/books\/2017\/feb\/22\/the-month-in-comics-2000ad-turns-40\">The Guardian<\/a><\/p>\n<p style=\"text-align: center;\"><b>\u201cThe author\u2019s fantasy knows no bounds and he has a very fertile imagination.\u201d<\/b><\/p>\n<p style=\"text-align: center;\"><span style=\"font-weight: 400;\"><em><a href=\"http:\/\/kultura.zpravy.idnes.cz\/komiks-o-praze-0pg-\/literatura.aspx?c=A150303_154046_literatura_ob\" target=\"_blank\" rel=\"noopener noreferrer\">Mlad\u00e1 fronta Dnes<\/a>\u00a0<\/em>(best selling newspaper in the Czech Republic) <\/span><\/p>\n<p style=\"text-align: center;\"><a href=\"http:\/\/www.theputto.com\/comic\/wp-content\/uploads\/2016\/09\/02-NO-TEXT-Print-The-Faithful-Witness.jpg\" rel=\"attachment wp-att-1095\"><img decoding=\"async\" loading=\"lazy\" class=\"aligncenter wp-image-1095\" src=\"http:\/\/www.theputto.com\/comic\/wp-content\/uploads\/2016\/09\/02-NO-TEXT-Print-The-Faithful-Witness.jpg\" alt=\"02 NO TEXT Print - The Faithful Witness\" width=\"302\" height=\"344\" srcset=\"https:\/\/www.theputto.com\/comic\/wp-content\/uploads\/2016\/09\/02-NO-TEXT-Print-The-Faithful-Witness.jpg 493w, https:\/\/www.theputto.com\/comic\/wp-content\/uploads\/2016\/09\/02-NO-TEXT-Print-The-Faithful-Witness-263x300.jpg 263w\" sizes=\"(max-width: 302px) 100vw, 302px\" \/><\/a><\/p>\n<p style=\"text-align: center;\"><strong>&#8220;&#8230;the mix of stories exude both charm, great characters and have a beguiling and haunting charm and it\u2019s well worth your time to have a read&#8230;Let\u2019s hope a British publisher such as Myriad, NoBrow or SelfMadeHero spots the work and publishes it here in the UK too&#8221;<\/strong><\/p>\n<p style=\"text-align: center;\"><a href=\"http:\/\/downthetubes.net\/?p=33898\" target=\"_blank\" rel=\"noopener noreferrer\">John Freeman, downthetubes.net<\/a><\/p>\n<p style=\"text-align: center;\"><b>\u201c&#8230;.a deeply enjoyable and enthralling title&#8230;Xavier may be sorrowful, but if you read this title you most definitely won\u2019t be.\u201d<\/b><\/p>\n<p style=\"text-align: center;\"><a href=\"http:\/\/pipedreamcomics.co.uk\/review-the-sorrowful-putto-of-prague-james-stafford\/\"><span style=\"font-weight: 400;\">James Blundell, Pipedream Comics<\/span><\/a><\/p>\n<p style=\"text-align: center;\"><b>\u201cWonderfully irreverent.\u201d<\/b><\/p>\n<p style=\"text-align: center;\"><a href=\"http:\/\/www.radio.cz\/en\/section\/arts\/james-stafford-author-of-the-sorrowful-putto-of-prague-1\" target=\"_blank\" rel=\"noopener noreferrer\"><span style=\"font-weight: 400;\">Jan Velinger<\/span><span style=\"font-weight: 400;\">, Radio Prague<\/span><\/a><\/p>\n<p style=\"text-align: center;\"><strong>\u201cStafford is able to hit a lot of emotional notes in a very short space&#8230;<i>The Sorrowful <\/i>Putto of Prague is an excellent tale that mixes dark humor, tragedy, melancholy, and beauty together, hitting every note perfectly.\u201d<\/strong><\/p>\n<p style=\"text-align: center;\"><a href=\"https:\/\/www.ap2hyc.com\/2016\/07\/general-article-3\/\" target=\"_blank\" rel=\"noopener noreferrer\">Tommy Partl, A Place to Hang Your Cape<\/a><\/p>\n<p style=\"text-align: center;\"><b>\u201cThe Sorrowful Putto of Prague brings a strikingly irreverent approach to the city of a thousand spires and one of its more abused images.\u201d<\/b><\/p>\n<p style=\"text-align: center;\"><span style=\"font-weight: 400;\"><a href=\"http:\/\/ceskapozice.lidovky.cz\/the-sorrowful-putto-of-prague-dky-\/forum.aspx?c=A110606_154657_pozice_17091\" target=\"_blank\" rel=\"noopener noreferrer\">Michael Stein, Ceska Pozice<\/a><\/span><\/p>\n<p style=\"text-align: center;\"><strong>&#8220;A cute little comic&#8230;check it out, it&#8217;s pretty entertaining.&#8221;<\/strong><\/p>\n<p style=\"text-align: center;\"><a href=\"https:\/\/soundcloud.com\/user-663615698\/weird-putti#t=32:00\" target=\"_blank\" rel=\"noopener noreferrer\">The Art History Babes<\/a><\/p>\n<p style=\"text-align: center;\"><strong>\u201cThe Sorrowful Putto of Prague is a webcomic you can\u2019t stop reading. \u00a0Top notch artwork and writing.\u201d<\/strong><\/p>\n<p style=\"text-align: center;\"><span style=\"font-weight: 400;\"><a href=\"http:\/\/www.superfrat.com\/2015\/08\/24\/webcomic-review-the-sorrowful-putto-of-prague\/\" target=\"_blank\" rel=\"noopener noreferrer\">Super Frat<\/a><\/span><\/p>\n<p style=\"text-align: center;\"><strong>\u201cStafford and Bernardo have created a unique comic &#8211; funny, pleasing to the eye and rich in references to Czech folklore.\u201d<\/strong><\/p>\n<p style=\"text-align: center;\"><span style=\"font-weight: 400;\"><a href=\"http:\/\/kzet.pl\/2015\/11\/the-sorrowful-putto-of-prague-recenzja.html\" target=\"_blank\" rel=\"noopener noreferrer\">Darius Stanczyk, Magazyn Mi\u0142o\u015bnik\u00f3w Komiksu<\/a><\/span><\/p>\n<p style=\"text-align: center;\"><strong>\u201cThere is some comedy, some sadness, and an abundance of artistry&#8230;For me, it\u2019s nearly perfect, everyone else will have to decide for themselves. \u201c<\/strong><\/p>\n<p style=\"text-align: center;\"><a href=\"http:\/\/www.comiccrusaders.com\/webcomic-wednesday-review-the-sorrowful-putto-of-prague\/#ifrndnloc\" target=\"_blank\" rel=\"noopener noreferrer\">Aaron Sullivan, Comic Crusaders<\/a><\/p>\n<p style=\"text-align: center;\"><strong>\u201cNow that\u2019s how you end a story arc\u2026\u201d<\/strong><\/p>\n<p style=\"text-align: center;\"><span style=\"font-weight: 400;\"><a href=\"http:\/\/protoncharging.com\/tag\/ghostbusters-2\/\" target=\"_blank\" rel=\"noopener noreferrer\">www.protoncharging.com \u00a0<\/a>\u00a0<\/span><\/p>\n<!-- AddThis Advanced Settings generic via filter on the_content --><!-- AddThis Share Buttons generic via filter on the_content -->","protected":false},"excerpt":{"rendered":"<p>\u201cJust read the DOPE ASS \u201cThe Sorrowful Putto of Prague\u201d\u2026check it out\u2026you\u2019re in for a treat!\u201d Samuel L. Jackson &#8220;&#8230;[an] atmospheric webcomic steeped in Czech history and folklore&#8230;&#8221; The Guardian \u201cThe author\u2019s fantasy knows no bounds and he has a[&hellip;]<a class=\"more-link\" href=\"https:\/\/www.theputto.com\/comic\/media\/\">&darr; Read the rest of this entry&#8230;<\/a><!-- AddThis Advanced Settings generic via filter on get_the_excerpt --><!-- AddThis Share Buttons generic via filter on get_the_excerpt --><\/p>\n","protected":false},"author":2,"featured_media":0,"parent":0,"menu_order":0,"comment_status":"closed","ping_status":"closed","template":"","meta":[],"_links":{"self":[{"href":"https:\/\/www.theputto.com\/comic\/wp-json\/wp\/v2\/pages\/1094"}],"collection":[{"href":"https:\/\/www.theputto.com\/comic\/wp-json\/wp\/v2\/pages"}],"about":[{"href":"https:\/\/www.theputto.com\/comic\/wp-json\/wp\/v2\/types\/page"}],"author":[{"embeddable":true,"href":"https:\/\/www.theputto.com\/comic\/wp-json\/wp\/v2\/users\/2"}],"replies":[{"embeddable":true,"href":"https:\/\/www.theputto.com\/comic\/wp-json\/wp\/v2\/comments?post=1094"}],"version-history":[{"count":9,"href":"https:\/\/www.theputto.com\/comic\/wp-json\/wp\/v2\/pages\/1094\/revisions"}],"predecessor-version":[{"id":1193,"href":"https:\/\/www.theputto.com\/comic\/wp-json\/wp\/v2\/pages\/1094\/revisions\/1193"}],"wp:attachment":[{"href":"https:\/\/www.theputto.com\/comic\/wp-json\/wp\/v2\/media?parent=1094"}],"curies":[{"name":"wp","href":"https:\/\/api.w.org\/{rel}","templated":true}]}}